{"id":7342,"date":"2023-09-27T15:45:49","date_gmt":"2023-09-27T13:45:49","guid":{"rendered":"https:\/\/boufs.nelty.dev\/contact\/"},"modified":"2025-11-04T18:34:03","modified_gmt":"2025-11-04T16:34:03","slug":"contact","status":"publish","type":"page","link":"https:\/\/www.boufs.be\/en\/contact\/","title":{"rendered":"Contact"},"content":{"rendered":"\t\t<div data-elementor-type=\"wp-page\" data-elementor-id=\"7342\" class=\"elementor elementor-7342 elementor-6442\">\n\t\t\t\t<div class=\"elementor-element elementor-element-14af60a e-flex e-con-boxed e-con e-parent\" data-id=\"14af60a\" data-element_type=\"container\" data-e-type=\"container\" data-settings=\"{&quot;background_background&quot;:&quot;classic&quot;}\">\n\t\t\t\t\t<div class=\"e-con-inner\">\n\t\t\t\t<div class=\"elementor-element elementor-element-2c55fc2 elementor-widget elementor-widget-heading\" data-id=\"2c55fc2\" data-element_type=\"widget\" data-e-type=\"widget\" data-widget_type=\"heading.default\">\n\t\t\t\t<div class=\"elementor-widget-container\">\n\t\t\t\t\t<h1 class=\"elementor-heading-title elementor-size-default\">Contact<\/h1>\t\t\t\t<\/div>\n\t\t\t\t<\/div>\n\t\t\t\t\t<\/div>\n\t\t\t\t<\/div>\n\t\t<div class=\"elementor-element elementor-element-0884a89 e-con-full e-flex e-con e-parent\" data-id=\"0884a89\" data-element_type=\"container\" data-e-type=\"container\" data-settings=\"{&quot;background_background&quot;:&quot;classic&quot;}\">\n\t\t\t\t<div class=\"elementor-element elementor-element-be2de0c elementor-widget elementor-widget-ld_google_map\" data-id=\"be2de0c\" data-element_type=\"widget\" data-e-type=\"widget\" data-widget_type=\"ld_google_map.default\">\n\t\t\t\t<div class=\"elementor-widget-container\">\n\t\t\t\t\t\n\t\t\t<div class=\"ld-gmap-container pos-rel\">\n\t\t\t\t<div class=\"ld-gmap h-100\" data-plugin-map=\"true\" data-plugin-options='{\"style\":\"classic\",\"address\":\"Brusselsesteenweg 11, 3080 Tervuren\",\"marker_style\":\"html\",\"markers\":[[\"50.82467729817177\",\"4.511974283008716\"]],\"map\":{\"zoom\":17,\"mapTypeId\":\"roadmap\",\"zoomControl\":true}}'><\/div>\n\n\t\t\t\t\n\t\t\t<\/div>\n\n\t\t\t\t\t\t<\/div>\n\t\t\t\t<\/div>\n\t\t\t\t<\/div>\n\t\t<div class=\"elementor-element elementor-element-ae718e6 e-grid e-con-boxed e-con e-parent\" data-id=\"ae718e6\" data-element_type=\"container\" data-e-type=\"container\" data-settings=\"{&quot;background_background&quot;:&quot;classic&quot;}\">\n\t\t\t\t\t<div class=\"e-con-inner\">\n\t\t\t\t<div class=\"elementor-element elementor-element-e07fdf8 elementor-widget elementor-widget-heading\" data-id=\"e07fdf8\" data-element_type=\"widget\" data-e-type=\"widget\" data-widget_type=\"heading.default\">\n\t\t\t\t<div class=\"elementor-widget-container\">\n\t\t\t\t\t<h2 class=\"elementor-heading-title elementor-size-default\">Opening hours<\/h2>\t\t\t\t<\/div>\n\t\t\t\t<\/div>\n\t\t\t\t<div class=\"elementor-element elementor-element-bc304e3 elementor-widget elementor-widget-heading\" data-id=\"bc304e3\" data-element_type=\"widget\" data-e-type=\"widget\" data-widget_type=\"heading.default\">\n\t\t\t\t<div class=\"elementor-widget-container\">\n\t\t\t\t\t<h2 class=\"elementor-heading-title elementor-size-default\">Address<\/h2>\t\t\t\t<\/div>\n\t\t\t\t<\/div>\n\t\t\t\t<div class=\"elementor-element elementor-element-806b2b3 elementor-widget elementor-widget-text-editor\" data-id=\"806b2b3\" data-element_type=\"widget\" data-e-type=\"widget\" data-widget_type=\"text-editor.default\">\n\t\t\t\t<div class=\"elementor-widget-container\">\n\t\t\t\t\t\t\t\t\t<table style=\"background-color: transparent !important; border: 0 !important; border-collapse: collapse !important; border-spacing: 0 !important;\">\n  <tr style=\"background-color: transparent !important; border: 0 !important;\"><td style=\"border: 0 !important; border-top: 0 !important; border-bottom: 0 !important; border-left: 0 !important; border-right: 0 !important; padding: 2px 10px 2px 0 !important;\">Tuesday<\/td><td style=\"border: 0 !important; border-top: 0 !important; border-bottom: 0 !important; border-left: 0 !important; border-right: 0 !important; padding: 2px 0 !important;\">6 PM &#8211; 11 PM<\/td><\/tr>\n  <tr style=\"background-color: transparent !important; border: 0 !important;\"><td style=\"border: 0 !important; border-top: 0 !important; border-bottom: 0 !important; border-left: 0 !important; border-right: 0 !important; padding: 2px 10px 2px 0 !important;\">Wednesday<\/td><td style=\"border: 0 !important; border-top: 0 !important; border-bottom: 0 !important; border-left: 0 !important; border-right: 0 !important; padding: 2px 0 !important;\">6 PM &#8211; 11 PM<\/td><\/tr>\n  <tr style=\"background-color: transparent !important; border: 0 !important;\"><td style=\"border: 0 !important; border-top: 0 !important; border-bottom: 0 !important; border-left: 0 !important; border-right: 0 !important; padding: 2px 10px 2px 0 !important;\">Thursday<\/td><td style=\"border: 0 !important; border-top: 0 !important; border-bottom: 0 !important; border-left: 0 !important; border-right: 0 !important; padding: 2px 0 !important;\">6 PM &#8211; 11 PM<\/td><\/tr>\n  <tr style=\"background-color: transparent !important; border: 0 !important;\"><td style=\"border: 0 !important; border-top: 0 !important; border-bottom: 0 !important; border-left: 0 !important; border-right: 0 !important; padding: 2px 10px 2px 0 !important;\">Friday<\/td><td style=\"border: 0 !important; border-top: 0 !important; border-bottom: 0 !important; border-left: 0 !important; border-right: 0 !important; padding: 2px 0 !important;\">6 PM &#8211; 11 PM<\/td><\/tr>\n  <tr style=\"background-color: transparent !important; border: 0 !important;\"><td style=\"border: 0 !important; border-top: 0 !important; border-bottom: 0 !important; border-left: 0 !important; border-right: 0 !important; padding: 2px 10px 2px 0 !important;\">Saturday<\/td><td style=\"border: 0 !important; border-top: 0 !important; border-bottom: 0 !important; border-left: 0 !important; border-right: 0 !important; padding: 2px 0 !important;\">6 PM &#8211; 11 PM<\/td><\/tr>\n  <tr style=\"background-color: transparent !important; border: 0 !important;\"><td style=\"border: 0 !important; border-top: 0 !important; border-bottom: 0 !important; border-left: 0 !important; border-right: 0 !important; padding: 2px 10px 2px 0 !important;\">Sunday<\/td><td style=\"border: 0 !important; border-top: 0 !important; border-bottom: 0 !important; border-left: 0 !important; border-right: 0 !important; padding: 2px 0 !important;\">Closed<\/td><\/tr>\n  <tr style=\"background-color: transparent !important; border: 0 !important;\"><td style=\"border: 0 !important; border-top: 0 !important; border-bottom: 0 !important; border-left: 0 !important; border-right: 0 !important; padding: 2px 10px 2px 0 !important;\">Monday<\/td><td style=\"border: 0 !important; border-top: 0 !important; border-bottom: 0 !important; border-left: 0 !important; border-right: 0 !important; padding: 2px 0 !important;\">Closed<\/td><\/tr>\n<\/table>\t\t\t\t\t\t\t\t<\/div>\n\t\t\t\t<\/div>\n\t\t\t\t<div class=\"elementor-element elementor-element-aec2799 elementor-widget elementor-widget-hub_fancy_heading\" data-id=\"aec2799\" data-element_type=\"widget\" data-e-type=\"widget\" data-widget_type=\"hub_fancy_heading.default\">\n\t\t\t\t<div class=\"elementor-widget-container\">\n\t\t\t\t\t\n\t\t<div id=\"ld-fancy-heading-69f140049e9b3\" class=\"ld-fancy-heading pos-rel\">\n\t\t\t<p class=\"ld-fh-element d-inline-block pos-rel  lqd-highlight-classic lqd-highlight-grow-left p\"  > Chauss\u00e9e de Bruxelles, 11 <br>3080 Tervuren<\/p>\t\t<\/div>\n\n\t\t\t\t\t\t<\/div>\n\t\t\t\t<\/div>\n\t\t\t\t\t<\/div>\n\t\t\t\t<\/div>\n\t\t<div class=\"elementor-element elementor-element-7cc7316 e-flex e-con-boxed e-con e-parent\" data-id=\"7cc7316\" data-element_type=\"container\" data-e-type=\"container\">\n\t\t\t\t\t<div class=\"e-con-inner\">\n\t\t\t\t<div class=\"elementor-element elementor-element-aceec92 elementor-widget elementor-widget-heading\" data-id=\"aceec92\" data-element_type=\"widget\" data-e-type=\"widget\" data-widget_type=\"heading.default\">\n\t\t\t\t<div class=\"elementor-widget-container\">\n\t\t\t\t\t<h2 class=\"elementor-heading-title elementor-size-default\">Contact form <\/h2>\t\t\t\t<\/div>\n\t\t\t\t<\/div>\n\t\t\t\t<div class=\"elementor-element elementor-element-0574d3c elementor-widget elementor-widget-ld_cf722\" data-id=\"0574d3c\" data-element_type=\"widget\" data-e-type=\"widget\" data-widget_type=\"ld_cf722.default\">\n\t\t\t\t<div class=\"elementor-widget-container\">\n\t\t\t\t\t\n\t<div class=\"lqd-contact-form         \">\n\t\t\n<div class=\"wpcf7 no-js\" id=\"wpcf7-f8467-o1\" lang=\"fr-FR\" dir=\"ltr\" data-wpcf7-id=\"8467\">\n<div class=\"screen-reader-response\"><p role=\"status\" aria-live=\"polite\" aria-atomic=\"true\"><\/p> <ul><\/ul><\/div>\n<form action=\"\/en\/wp-json\/wp\/v2\/pages\/7342#wpcf7-f8467-o1\" method=\"post\" class=\"wpcf7-form init\" aria-label=\"Formulaire de contact\" novalidate=\"novalidate\" data-status=\"init\">\n<fieldset class=\"hidden-fields-container\"><input type=\"hidden\" name=\"_wpcf7\" value=\"8467\" \/><input type=\"hidden\" name=\"_wpcf7_version\" value=\"6.1.5\" \/><input type=\"hidden\" name=\"_wpcf7_locale\" value=\"fr_FR\" \/><input type=\"hidden\" name=\"_wpcf7_unit_tag\" value=\"wpcf7-f8467-o1\" \/><input type=\"hidden\" name=\"_wpcf7_container_post\" value=\"0\" \/><input type=\"hidden\" name=\"_wpcf7_posted_data_hash\" value=\"\" \/>\n<\/fieldset>\n<div class=\"row\">\n\t<div class=\"col-md-6\">\n\t\t<p style=\"margin: 0; color: rgba(0 0 0 \/ 0.3); font-size: 12px;\">Pr\u00e9nom\n\t\t<\/p>\n\t\t<p><span class=\"wpcf7-form-control-wrap\" data-name=\"name-1\"><input size=\"40\" maxlength=\"400\" class=\"wpcf7-form-control wpcf7-text wpcf7-validates-as-required\" aria-required=\"true\" aria-invalid=\"false\" placeholder=\"First Name\" value=\"\" type=\"text\" name=\"name-1\" \/><\/span>\n\t\t<\/p>\n\t<\/div>\n\t<div class=\"col-md-6\">\n\t\t<p style=\"margin: 0; color: rgba(0 0 0 \/ 0.3); font-size: 12px;\">Nom\n\t\t<\/p>\n\t\t<p><span class=\"wpcf7-form-control-wrap\" data-name=\"name-2\"><input size=\"40\" maxlength=\"400\" class=\"wpcf7-form-control wpcf7-text wpcf7-validates-as-required\" aria-required=\"true\" aria-invalid=\"false\" placeholder=\"Name\" value=\"\" type=\"text\" name=\"name-2\" \/><\/span>\n\t\t<\/p>\n\t<\/div>\n\t<div class=\"col-md-6\">\n\t\t<p style=\"margin: 0; color: rgba(0 0 0 \/ 0.3); font-size: 12px;\">Num\u00e9ro de T\u00e9l\u00e9phone\n\t\t<\/p>\n\t\t<p><span class=\"wpcf7-form-control-wrap\" data-name=\"telephone\"><input size=\"40\" maxlength=\"400\" class=\"wpcf7-form-control wpcf7-tel wpcf7-text wpcf7-validates-as-tel\" aria-invalid=\"false\" placeholder=\"Phone number\" value=\"\" type=\"tel\" name=\"telephone\" \/><\/span>\n\t\t<\/p>\n\t<\/div>\n\t<div class=\"col-md-6\">\n\t\t<p style=\"margin: 0; color: rgba(0 0 0 \/ 0.3); font-size: 12px;\">Adresse e-mail\n\t\t<\/p>\n\t\t<p><span class=\"wpcf7-form-control-wrap\" data-name=\"email\"><input size=\"40\" maxlength=\"400\" class=\"wpcf7-form-control wpcf7-email wpcf7-validates-as-required wpcf7-text wpcf7-validates-as-email\" aria-required=\"true\" aria-invalid=\"false\" placeholder=\"E-mail\" value=\"\" type=\"email\" name=\"email\" \/><\/span>\n\t\t<\/p>\n\t<\/div>\n\t<div class=\"col-md-12\">\n\t\t<p style=\"margin: 0; color: rgba(0 0 0 \/ 0.3); font-size: 12px;\">Votre message\n\t\t<\/p>\n\t\t<p><span class=\"wpcf7-form-control-wrap\" data-name=\"message\"><textarea cols=\"10\" rows=\"4\" maxlength=\"2000\" class=\"wpcf7-form-control wpcf7-textarea wpcf7-validates-as-required\" aria-required=\"true\" aria-invalid=\"false\" placeholder=\"Your message\" name=\"message\"><\/textarea><\/span>\n\t\t<\/p>\n\t<\/div>\n\t<div class=\"col-md-12\">\n\t\t<p><span class=\"wpcf7-form-control-wrap\" data-name=\"acceptance\"><span class=\"wpcf7-form-control wpcf7-acceptance optional\"><span class=\"wpcf7-list-item\"><label><input type=\"checkbox\" name=\"acceptance\" value=\"1\" aria-invalid=\"false\" \/><span class=\"wpcf7-list-item-label\">By submitting this form, you agree to BOUF'S storing and using the information collected to process your request.<\/span><\/label><\/span><\/span><\/span>\n\t\t<\/p>\n\t<\/div>\n\t<div class=\"col-md-12\">\n\t\t<p><input class=\"wpcf7-form-control wpcf7-submit has-spinner\" type=\"submit\" value=\"Send\" \/>\n\t\t<\/p>\n\t<\/div>\n<\/div><div class=\"wpcf7-response-output\" aria-hidden=\"true\"><\/div>\n<\/form>\n<\/div>\n\t<\/div>\n\n\t\t\t\t\t<\/div>\n\t\t\t\t<\/div>\n\t\t\t\t\t<\/div>\n\t\t\t\t<\/div>\n\t\t\t\t<\/div>\n\t\t","protected":false},"excerpt":{"rendered":"<p>Contact Opening hours Address Tuesday 6 PM &#8211; 11 PM Wednesday 6 PM &#8211; 11 PM Thursday 6 PM &#8211; 11 PM Friday 6 PM &#8211; 11 PM Saturday 6 PM &#8211; 11 PM Sunday Closed Monday Closed Chauss\u00e9e de Bruxelles, 11 3080 Tervuren Contact form Pr\u00e9nom Nom Num\u00e9ro de T\u00e9l\u00e9phone Adresse e-mail Votre message [&hellip;]<\/p>\n","protected":false},"author":1,"featured_media":0,"parent":0,"menu_order":0,"comment_status":"closed","ping_status":"closed","template":"elementor_theme","meta":{"inline_featured_image":false,"footnotes":""},"class_list":["post-7342","page","type-page","status-publish","hentry"],"yoast_head":"<!-- This site is optimized with the Yoast SEO plugin v26.9 - https:\/\/yoast.com\/product\/yoast-seo-wordpress\/ -->\n<title>BOUF&#039;S - Contact - Email or phone<\/title>\n<meta name=\"description\" content=\"You can contact us by telephone on: \ud83d\udcde +32 (0) 2 721 11 81 or by e-mail at \u2709\ufe0f info@boufs.be\" \/>\n<meta name=\"robots\" content=\"index, follow, max-snippet:-1, max-image-preview:large, max-video-preview:-1\" \/>\n<link rel=\"canonical\" href=\"https:\/\/www.boufs.be\/en\/contact\/\" \/>\n<meta property=\"og:locale\" content=\"en_US\" \/>\n<meta property=\"og:type\" content=\"article\" \/>\n<meta property=\"og:title\" content=\"BOUF&#039;S - Contact - Email or phone\" \/>\n<meta property=\"og:description\" content=\"You can contact us by telephone on: \ud83d\udcde +32 (0) 2 721 11 81 or by e-mail at \u2709\ufe0f info@boufs.be\" \/>\n<meta property=\"og:url\" content=\"https:\/\/www.boufs.be\/en\/contact\/\" \/>\n<meta property=\"og:site_name\" content=\"BOUF&#039;S\" \/>\n<meta property=\"article:publisher\" content=\"https:\/\/www.facebook.com\/Boufsrestaurant\" \/>\n<meta property=\"article:modified_time\" content=\"2025-11-04T16:34:03+00:00\" \/>\n<meta name=\"twitter:card\" content=\"summary_large_image\" \/>\n<meta name=\"twitter:label1\" content=\"Est. reading time\" \/>\n\t<meta name=\"twitter:data1\" content=\"6 minutes\" \/>\n<script type=\"application\/ld+json\" class=\"yoast-schema-graph\">{\"@context\":\"https:\/\/schema.org\",\"@graph\":[{\"@type\":\"WebPage\",\"@id\":\"https:\/\/www.boufs.be\/en\/contact\/\",\"url\":\"https:\/\/www.boufs.be\/en\/contact\/\",\"name\":\"BOUF&#039;S - Contact - Email or phone\",\"isPartOf\":{\"@id\":\"https:\/\/www.boufs.be\/en\/#website\"},\"datePublished\":\"2023-09-27T13:45:49+00:00\",\"dateModified\":\"2025-11-04T16:34:03+00:00\",\"description\":\"You can contact us by telephone on: \ud83d\udcde +32 (0) 2 721 11 81 or by e-mail at \u2709\ufe0f info@boufs.be\",\"breadcrumb\":{\"@id\":\"https:\/\/www.boufs.be\/en\/contact\/#breadcrumb\"},\"inLanguage\":\"en-US\",\"potentialAction\":[{\"@type\":\"ReadAction\",\"target\":[\"https:\/\/www.boufs.be\/en\/contact\/\"]}]},{\"@type\":\"BreadcrumbList\",\"@id\":\"https:\/\/www.boufs.be\/en\/contact\/#breadcrumb\",\"itemListElement\":[{\"@type\":\"ListItem\",\"position\":1,\"name\":\"Accueil\",\"item\":\"https:\/\/www.boufs.be\/en\/\"},{\"@type\":\"ListItem\",\"position\":2,\"name\":\"Contact\"}]},{\"@type\":\"WebSite\",\"@id\":\"https:\/\/www.boufs.be\/en\/#website\",\"url\":\"https:\/\/www.boufs.be\/en\/\",\"name\":\"BOUF'S\",\"description\":\"Restaurant m\u00e9dit\u00e9ran\u00e9en\",\"publisher\":{\"@id\":\"https:\/\/www.boufs.be\/en\/#organization\"},\"potentialAction\":[{\"@type\":\"SearchAction\",\"target\":{\"@type\":\"EntryPoint\",\"urlTemplate\":\"https:\/\/www.boufs.be\/en\/?s={search_term_string}\"},\"query-input\":{\"@type\":\"PropertyValueSpecification\",\"valueRequired\":true,\"valueName\":\"search_term_string\"}}],\"inLanguage\":\"en-US\"},{\"@type\":\"Organization\",\"@id\":\"https:\/\/www.boufs.be\/en\/#organization\",\"name\":\"BOUF'S\",\"url\":\"https:\/\/www.boufs.be\/en\/\",\"logo\":{\"@type\":\"ImageObject\",\"inLanguage\":\"en-US\",\"@id\":\"https:\/\/www.boufs.be\/en\/#\/schema\/logo\/image\/\",\"url\":\"https:\/\/www.boufs.be\/wp-content\/uploads\/2024\/03\/opengraph.jpg\",\"contentUrl\":\"https:\/\/www.boufs.be\/wp-content\/uploads\/2024\/03\/opengraph.jpg\",\"width\":1200,\"height\":630,\"caption\":\"BOUF'S\"},\"image\":{\"@id\":\"https:\/\/www.boufs.be\/en\/#\/schema\/logo\/image\/\"},\"sameAs\":[\"https:\/\/www.facebook.com\/Boufsrestaurant\",\"https:\/\/www.linkedin.com\/company\/bouf-s\/\",\"https:\/\/www.instagram.com\/boufs_restaurant\/\"]}]}<\/script>\n<!-- \/ Yoast SEO plugin. -->","yoast_head_json":{"title":"BOUF&#039;S - Contact - Email or phone","description":"You can contact us by telephone on: \ud83d\udcde +32 (0) 2 721 11 81 or by e-mail at \u2709\ufe0f info@boufs.be","robots":{"index":"index","follow":"follow","max-snippet":"max-snippet:-1","max-image-preview":"max-image-preview:large","max-video-preview":"max-video-preview:-1"},"canonical":"https:\/\/www.boufs.be\/en\/contact\/","og_locale":"en_US","og_type":"article","og_title":"BOUF&#039;S - Contact - Email or phone","og_description":"You can contact us by telephone on: \ud83d\udcde +32 (0) 2 721 11 81 or by e-mail at \u2709\ufe0f info@boufs.be","og_url":"https:\/\/www.boufs.be\/en\/contact\/","og_site_name":"BOUF&#039;S","article_publisher":"https:\/\/www.facebook.com\/Boufsrestaurant","article_modified_time":"2025-11-04T16:34:03+00:00","twitter_card":"summary_large_image","twitter_misc":{"Est. reading time":"6 minutes"},"schema":{"@context":"https:\/\/schema.org","@graph":[{"@type":"WebPage","@id":"https:\/\/www.boufs.be\/en\/contact\/","url":"https:\/\/www.boufs.be\/en\/contact\/","name":"BOUF&#039;S - Contact - Email or phone","isPartOf":{"@id":"https:\/\/www.boufs.be\/en\/#website"},"datePublished":"2023-09-27T13:45:49+00:00","dateModified":"2025-11-04T16:34:03+00:00","description":"You can contact us by telephone on: \ud83d\udcde +32 (0) 2 721 11 81 or by e-mail at \u2709\ufe0f info@boufs.be","breadcrumb":{"@id":"https:\/\/www.boufs.be\/en\/contact\/#breadcrumb"},"inLanguage":"en-US","potentialAction":[{"@type":"ReadAction","target":["https:\/\/www.boufs.be\/en\/contact\/"]}]},{"@type":"BreadcrumbList","@id":"https:\/\/www.boufs.be\/en\/contact\/#breadcrumb","itemListElement":[{"@type":"ListItem","position":1,"name":"Accueil","item":"https:\/\/www.boufs.be\/en\/"},{"@type":"ListItem","position":2,"name":"Contact"}]},{"@type":"WebSite","@id":"https:\/\/www.boufs.be\/en\/#website","url":"https:\/\/www.boufs.be\/en\/","name":"BOUF'S","description":"Restaurant m\u00e9dit\u00e9ran\u00e9en","publisher":{"@id":"https:\/\/www.boufs.be\/en\/#organization"},"potentialAction":[{"@type":"SearchAction","target":{"@type":"EntryPoint","urlTemplate":"https:\/\/www.boufs.be\/en\/?s={search_term_string}"},"query-input":{"@type":"PropertyValueSpecification","valueRequired":true,"valueName":"search_term_string"}}],"inLanguage":"en-US"},{"@type":"Organization","@id":"https:\/\/www.boufs.be\/en\/#organization","name":"BOUF'S","url":"https:\/\/www.boufs.be\/en\/","logo":{"@type":"ImageObject","inLanguage":"en-US","@id":"https:\/\/www.boufs.be\/en\/#\/schema\/logo\/image\/","url":"https:\/\/www.boufs.be\/wp-content\/uploads\/2024\/03\/opengraph.jpg","contentUrl":"https:\/\/www.boufs.be\/wp-content\/uploads\/2024\/03\/opengraph.jpg","width":1200,"height":630,"caption":"BOUF'S"},"image":{"@id":"https:\/\/www.boufs.be\/en\/#\/schema\/logo\/image\/"},"sameAs":["https:\/\/www.facebook.com\/Boufsrestaurant","https:\/\/www.linkedin.com\/company\/bouf-s\/","https:\/\/www.instagram.com\/boufs_restaurant\/"]}]}},"_links":{"self":[{"href":"https:\/\/www.boufs.be\/en\/wp-json\/wp\/v2\/pages\/7342","targetHints":{"allow":["GET"]}}],"collection":[{"href":"https:\/\/www.boufs.be\/en\/wp-json\/wp\/v2\/pages"}],"about":[{"href":"https:\/\/www.boufs.be\/en\/wp-json\/wp\/v2\/types\/page"}],"author":[{"embeddable":true,"href":"https:\/\/www.boufs.be\/en\/wp-json\/wp\/v2\/users\/1"}],"replies":[{"embeddable":true,"href":"https:\/\/www.boufs.be\/en\/wp-json\/wp\/v2\/comments?post=7342"}],"version-history":[{"count":47,"href":"https:\/\/www.boufs.be\/en\/wp-json\/wp\/v2\/pages\/7342\/revisions"}],"predecessor-version":[{"id":8881,"href":"https:\/\/www.boufs.be\/en\/wp-json\/wp\/v2\/pages\/7342\/revisions\/8881"}],"wp:attachment":[{"href":"https:\/\/www.boufs.be\/en\/wp-json\/wp\/v2\/media?parent=7342"}],"curies":[{"name":"wp","href":"https:\/\/api.w.org\/{rel}","templated":true}]}}